{"id":185,"date":"2026-04-06T14:37:48","date_gmt":"2026-04-06T11:37:48","guid":{"rendered":"http:\/\/ymparistotuotanto.com\/?page_id=185"},"modified":"2026-04-06T20:37:47","modified_gmt":"2026-04-06T17:37:47","slug":"viherrakentaminen","status":"publish","type":"page","link":"https:\/\/ymparistotuotanto.com\/index.php\/viherrakentaminen\/","title":{"rendered":"viherrakentaminen"},"content":{"rendered":"\n<figure class=\"wp-block-image alignfull size-large picture-height\"><img loading=\"lazy\" decoding=\"async\" width=\"1024\" height=\"259\" src=\"https:\/\/ymparistotuotanto.com\/wp-content\/uploads\/2026\/04\/viherrakentaminen-1024x259.jpg\" alt=\"\" class=\"wp-image-188\" srcset=\"https:\/\/ymparistotuotanto.com\/wp-content\/uploads\/2026\/04\/viherrakentaminen-1024x259.jpg 1024w, https:\/\/ymparistotuotanto.com\/wp-content\/uploads\/2026\/04\/viherrakentaminen-300x76.jpg 300w, https:\/\/ymparistotuotanto.com\/wp-content\/uploads\/2026\/04\/viherrakentaminen-768x194.jpg 768w, https:\/\/ymparistotuotanto.com\/wp-content\/uploads\/2026\/04\/viherrakentaminen-1536x388.jpg 1536w, https:\/\/ymparistotuotanto.com\/wp-content\/uploads\/2026\/04\/viherrakentaminen.jpg 1900w\" sizes=\"auto, (max-width: 1024px) 100vw, 1024px\" \/><\/figure>\n\n\n\n<div style=\"height:100px\" aria-hidden=\"true\" class=\"wp-block-spacer space-height\"><\/div>\n\n\n\n<div class=\"wp-block-group sisalto-marginaali\"><div class=\"wp-block-group__inner-container is-layout-constrained wp-block-group-is-layout-constrained\">\n<div class=\"wp-block-columns is-layout-flex wp-container-core-columns-is-layout-9d6595d7 wp-block-columns-is-layout-flex\">\n<div class=\"wp-block-column is-layout-flow wp-block-column-is-layout-flow\" style=\"flex-basis:66.66%\">\n<h1 class=\"wp-block-heading\">Viherrakentamisella ja -suunnittelulla viihtyis\u00e4mpi ymp\u00e4rist\u00f6<\/h1>\n\n\n\n<p class=\"has-medium-font-size\">Pihat, puistot ja muut viheralueet ovat merkitt\u00e4vi\u00e4 viihtyisyyden lis\u00e4\u00e4ji\u00e4. Julkisella sektorilla rakennetaan uusia ja perusparannetaan vanhoja viheralueita aiempaa enemm\u00e4n, mutta my\u00f6s taloyhti\u00f6t ja yksityiset ihmiset ovat kasvava asiakasryhm\u00e4 viherrakentajille. Kiinteist\u00f6n arvoa voi my\u00f6s nostaa kaunis ja hyvin hoidettu piha.<\/p>\n\n\n\n<p class=\"has-medium-font-size\">Varsinainen viherrakentamisen ty\u00f6kausi ajoittuu sulan maan kauteen. Tyypillisi\u00e4 viherrakentamiseen liittyvi\u00e4 ty\u00f6kokonaisuuksia ovat mm. seuraavat:<\/p>\n\n\n\n<ul class=\"wp-block-list\">\n<li class=\"has-medium-font-size\">kasvillisuuden suojaus-ja siirtoty\u00f6t<\/li>\n\n\n\n<li class=\"has-medium-font-size\">maanrakentaminen<\/li>\n\n\n\n<li class=\"has-medium-font-size\">kuivatusj\u00e4rjestelmien rakentaminen<\/li>\n\n\n\n<li class=\"has-medium-font-size\">p\u00e4\u00e4llystealueiden rakentamien, erityisesti kiveykset<\/li>\n\n\n\n<li class=\"has-medium-font-size\">kasvualustaty\u00f6t ja niihin liittyv\u00e4t istutus- ja nurmetusty\u00f6t<\/li>\n\n\n\n<li class=\"has-medium-font-size\">erilaisten ulkoalueille sijoittuvien rakenteiden rakentaminen, esim. portaat, muurit, luiskat, aidat, katokset, valaistus<\/li>\n\n\n\n<li class=\"has-medium-font-size\">luonnonmukaisten viheralueiden rakentaminen<\/li>\n\n\n\n<li class=\"has-medium-font-size\">ulkoliikunta-alueiden rakentaminen<\/li>\n\n\n\n<li class=\"has-medium-font-size\">hautausmaiden rakentaminen<\/li>\n<\/ul>\n\n\n\n<h2 class=\"wp-block-heading has-text-color has-link-color wp-elements-8462e3ac19b5284db0fd342450c638a7\" style=\"color:#16aa08\">Hyvin suunniteltu on puoliksi tehty<\/h2>\n\n\n\n<p class=\"has-medium-font-size\">Jotta viherrakentamiskohteesta saataisiin kaikin puolin onnistunut, vaatii toteutus pohjakseen ammattilaisen tekem\u00e4n vihersuunnitelman. Suunnitelmien tarkkuus on riippuvainen rakennettavasta kohteesta.<\/p>\n\n\n\n<p class=\"has-medium-font-size\">Yleens\u00e4 suuremmille kohteille, esimerkiksi puistoille ja hautausmaille, laaditaan tarkat istutussuunnitelmat ty\u00f6selityksineen ja detaljipiirroksineen. Omakotipihoja voidaan toteuttaa vihersuunnitelmaluonnoksienkin perusteella, jolloin on varaa improvisointiinkin rakentamisen edetess\u00e4. Vihersuunnitelman teett\u00e4minen kannattaa silloinkin, jos haluaa uusia ideoita pihaansa tai pohjaksi omalle toteutukselle. Vihersuunnittelijoilla on tiedot sopivista kasveista, p\u00e4\u00e4llystemateriaaleista ja muista rakenteista. Suunnitelma toki syntyy aina my\u00f6s asiakkaan toivomusten mukaan.<\/p>\n<\/div>\n\n\n\n<div class=\"wp-block-column is-layout-flow wp-block-column-is-layout-flow\">\n<div style=\"height:100px\" aria-hidden=\"true\" class=\"wp-block-spacer\"><\/div>\n<\/div>\n\n\n\n<div class=\"wp-block-column is-layout-flow wp-block-column-is-layout-flow\" style=\"flex-basis:33.33%\">\n<p><\/p>\n\n\n\n<h2 class=\"wp-block-heading\">Ota Yhteytt\u00e4<\/h2>\n\n\n<style id=\"wpforms-css-vars-47\">\n\t\t\t\t#wpforms-47 {\n\t\t\t\t--wpforms-field-border-color: rgba(0, 0, 0, 0.25);\n--wpforms-field-border-color-spare: rgba(0, 0, 0, 0.25);\n--wpforms-field-text-color: rgba(0, 0, 0, 0.7);\n--wpforms-label-color: rgba(0, 0, 0, 0.85);\n--wpforms-label-sublabel-color: rgba(0, 0, 0, 0.55);\n--wpforms-button-background-color: #16aa08;\n--wpforms-container-padding: 0px;\n--wpforms-container-border-width: 1px;\n--wpforms-container-border-radius: 3px;\n--wpforms-background-color: rgba(0, 0, 0, 0);\n--wpforms-field-size-input-height: 43px;\n--wpforms-field-size-input-spacing: 15px;\n--wpforms-field-size-font-size: 16px;\n--wpforms-field-size-line-height: 19px;\n--wpforms-field-size-padding-h: 14px;\n--wpforms-field-size-checkbox-size: 16px;\n--wpforms-field-size-sublabel-spacing: 5px;\n--wpforms-field-size-icon-size: 1;\n--wpforms-label-size-font-size: 16px;\n--wpforms-label-size-line-height: 19px;\n--wpforms-label-size-sublabel-font-size: 14px;\n--wpforms-label-size-sublabel-line-height: 17px;\n--wpforms-button-size-font-size: 17px;\n--wpforms-button-size-height: 41px;\n--wpforms-button-size-padding-h: 15px;\n--wpforms-button-size-margin-top: 10px;\n--wpforms-container-shadow-size-box-shadow: none;\n\t\t\t}\n\t\t\t<\/style><div class=\"wpforms-container wpforms-container-full wpforms-render-modern\" id=\"wpforms-47\"><form id=\"wpforms-form-47\" class=\"wpforms-validate wpforms-form wpforms-ajax-form\" data-formid=\"47\" method=\"post\" enctype=\"multipart\/form-data\" action=\"\/index.php\/wp-json\/wp\/v2\/pages\/185\" data-token=\"a71ef05cf300400d4cda70bdaacc3541\" data-token-time=\"1775686693\"><noscript class=\"wpforms-error-noscript\">Please enable JavaScript in your browser to complete this form.<\/noscript><div id=\"wpforms-error-noscript\" style=\"display: none;\">Please enable JavaScript in your browser to complete this form.<\/div><div class=\"wpforms-field-container\">\t\t<div id=\"wpforms-47-field_5-container\"\n\t\t\tclass=\"wpforms-field wpforms-field-text\"\n\t\t\tdata-field-type=\"text\"\n\t\t\tdata-field-id=\"5\"\n\t\t\t>\n\t\t\t<label class=\"wpforms-field-label\" for=\"wpforms-47-field_5\" >Nimi S\u00e4hk\u00f6posti Puhelin<\/label>\n\t\t\t<input type=\"text\" id=\"wpforms-47-field_5\" class=\"wpforms-field-medium\" name=\"wpforms[fields][5]\" >\n\t\t<\/div>\n\t\t<div id=\"wpforms-47-field_1-container\" class=\"wpforms-field wpforms-field-text\" data-field-id=\"1\"><label class=\"wpforms-field-label\" for=\"wpforms-47-field_1\">Nimi<\/label><input type=\"text\" id=\"wpforms-47-field_1\" class=\"wpforms-field-medium\" name=\"wpforms[fields][1]\" aria-errormessage=\"wpforms-47-field_1-error\" ><\/div><div id=\"wpforms-47-field_2-container\" class=\"wpforms-field wpforms-field-text\" data-field-id=\"2\"><label class=\"wpforms-field-label\" for=\"wpforms-47-field_2\">Puhelin<\/label><input type=\"text\" id=\"wpforms-47-field_2\" class=\"wpforms-field-medium\" name=\"wpforms[fields][2]\" aria-errormessage=\"wpforms-47-field_2-error\" ><\/div><div id=\"wpforms-47-field_3-container\" class=\"wpforms-field wpforms-field-text\" data-field-id=\"3\"><label class=\"wpforms-field-label\" for=\"wpforms-47-field_3\">S\u00e4hk\u00f6posti<\/label><input type=\"text\" id=\"wpforms-47-field_3\" class=\"wpforms-field-medium\" name=\"wpforms[fields][3]\" aria-errormessage=\"wpforms-47-field_3-error\" ><\/div><div id=\"wpforms-47-field_4-container\" class=\"wpforms-field wpforms-field-textarea\" data-field-id=\"4\"><label class=\"wpforms-field-label\" for=\"wpforms-47-field_4\">Asia<\/label><textarea id=\"wpforms-47-field_4\" class=\"wpforms-field-small\" name=\"wpforms[fields][4]\" aria-errormessage=\"wpforms-47-field_4-error\" ><\/textarea><\/div><script>\n\t\t\t\t( function() {\n\t\t\t\t\tconst style = document.createElement( 'style' );\n\t\t\t\t\tstyle.appendChild( document.createTextNode( '#wpforms-47-field_5-container { position: absolute !important; overflow: hidden !important; display: inline !important; height: 1px !important; width: 1px !important; z-index: -1000 !important; padding: 0 !important; } #wpforms-47-field_5-container input { visibility: hidden; } #wpforms-conversational-form-page #wpforms-47-field_5-container label { counter-increment: none; }' ) );\n\t\t\t\t\tdocument.head.appendChild( style );\n\t\t\t\t\tdocument.currentScript?.remove();\n\t\t\t\t} )();\n\t\t\t<\/script><\/div><!-- .wpforms-field-container --><div class=\"wpforms-submit-container\" ><input type=\"hidden\" name=\"wpforms[id]\" value=\"47\"><input type=\"hidden\" name=\"page_title\" value=\"\"><input type=\"hidden\" name=\"page_url\" value=\"https:\/\/ymparistotuotanto.com\/index.php\/wp-json\/wp\/v2\/pages\/185\"><input type=\"hidden\" name=\"url_referer\" value=\"\"><button type=\"submit\" name=\"wpforms[submit]\" id=\"wpforms-submit-47\" class=\"wpforms-submit\" data-alt-text=\"Sending...\" data-submit-text=\"L\u00e4het\u00e4\" aria-live=\"assertive\" value=\"wpforms-submit\">L\u00e4het\u00e4<\/button><img loading=\"lazy\" decoding=\"async\" src=\"https:\/\/ymparistotuotanto.com\/wp-content\/plugins\/wpforms-lite\/assets\/images\/submit-spin.svg\" class=\"wpforms-submit-spinner\" style=\"display: none;\" width=\"26\" height=\"26\" alt=\"Loading\"><\/div><\/form><\/div>  <!-- .wpforms-container -->\n<\/div>\n<\/div>\n<\/div><\/div>\n","protected":false},"excerpt":{"rendered":"<p>Viherrakentamisella ja -suunnittelulla viihtyis\u00e4mpi ymp\u00e4rist\u00f6 Pihat, puistot ja muut viheralueet ovat merkitt\u00e4vi\u00e4 viihtyisyyden lis\u00e4\u00e4ji\u00e4. Julkisella sektorilla rakennetaan uusia ja perusparannetaan vanhoja viheralueita aiempaa enemm\u00e4n, mutta my\u00f6s taloyhti\u00f6t ja yksityiset ihmiset &#8230;<\/p>\n","protected":false},"author":1,"featured_media":0,"parent":0,"menu_order":0,"comment_status":"closed","ping_status":"closed","template":"template-fullwidth-stretched.php","meta":{"footnotes":""},"class_list":["post-185","page","type-page","status-publish","hentry"],"_links":{"self":[{"href":"https:\/\/ymparistotuotanto.com\/index.php\/wp-json\/wp\/v2\/pages\/185","targetHints":{"allow":["GET"]}}],"collection":[{"href":"https:\/\/ymparistotuotanto.com\/index.php\/wp-json\/wp\/v2\/pages"}],"about":[{"href":"https:\/\/ymparistotuotanto.com\/index.php\/wp-json\/wp\/v2\/types\/page"}],"author":[{"embeddable":true,"href":"https:\/\/ymparistotuotanto.com\/index.php\/wp-json\/wp\/v2\/users\/1"}],"replies":[{"embeddable":true,"href":"https:\/\/ymparistotuotanto.com\/index.php\/wp-json\/wp\/v2\/comments?post=185"}],"version-history":[{"count":6,"href":"https:\/\/ymparistotuotanto.com\/index.php\/wp-json\/wp\/v2\/pages\/185\/revisions"}],"predecessor-version":[{"id":253,"href":"https:\/\/ymparistotuotanto.com\/index.php\/wp-json\/wp\/v2\/pages\/185\/revisions\/253"}],"wp:attachment":[{"href":"https:\/\/ymparistotuotanto.com\/index.php\/wp-json\/wp\/v2\/media?parent=185"}],"curies":[{"name":"wp","href":"https:\/\/api.w.org\/{rel}","templated":true}]}}