{"id":179,"date":"2026-04-06T14:33:56","date_gmt":"2026-04-06T11:33:56","guid":{"rendered":"http:\/\/ymparistotuotanto.com\/?page_id=179"},"modified":"2026-04-06T20:34:51","modified_gmt":"2026-04-06T17:34:51","slug":"kalusto","status":"publish","type":"page","link":"https:\/\/ymparistotuotanto.com\/index.php\/kalusto\/","title":{"rendered":"kalusto"},"content":{"rendered":"\n<figure class=\"wp-block-image alignfull size-large picture-height\"><img loading=\"lazy\" decoding=\"async\" width=\"1024\" height=\"259\" src=\"https:\/\/ymparistotuotanto.com\/wp-content\/uploads\/2026\/04\/kalusto-1024x259.jpg\" alt=\"\" class=\"wp-image-182\" srcset=\"https:\/\/ymparistotuotanto.com\/wp-content\/uploads\/2026\/04\/kalusto-1024x259.jpg 1024w, https:\/\/ymparistotuotanto.com\/wp-content\/uploads\/2026\/04\/kalusto-300x76.jpg 300w, https:\/\/ymparistotuotanto.com\/wp-content\/uploads\/2026\/04\/kalusto-768x194.jpg 768w, https:\/\/ymparistotuotanto.com\/wp-content\/uploads\/2026\/04\/kalusto-1536x388.jpg 1536w, https:\/\/ymparistotuotanto.com\/wp-content\/uploads\/2026\/04\/kalusto.jpg 1900w\" sizes=\"auto, (max-width: 1024px) 100vw, 1024px\" \/><\/figure>\n\n\n\n<div style=\"height:100px\" aria-hidden=\"true\" class=\"wp-block-spacer space-height\"><\/div>\n\n\n\n<div class=\"wp-block-group sisalto-marginaali\"><div class=\"wp-block-group__inner-container is-layout-constrained wp-block-group-is-layout-constrained\">\n<div class=\"wp-block-columns is-layout-flex wp-container-core-columns-is-layout-9d6595d7 wp-block-columns-is-layout-flex\">\n<div class=\"wp-block-column is-layout-flow wp-block-column-is-layout-flow\" style=\"flex-basis:66.66%\">\n<h1 class=\"wp-block-heading\">Kalusto<\/h1>\n\n\n\n<h2 class=\"wp-block-heading has-text-color has-link-color wp-elements-a9f69c86501ff64bccc647261f905dfe\" style=\"color:#16aa08\">K\u00e4yt\u00f6ss\u00e4mme on mm. seuraavanlaista kalustoa:<\/h2>\n\n\n\n<p class=\"has-medium-font-size\">9 kpl paketti- ja lava-autoja yms.<\/p>\n\n\n\n<p class=\"has-medium-font-size\">9 kpl py\u00f6r\u00e4alustaisia kaivinkoneita, painoluokat 15-20 tn, (Komatsu PW 170-6, Komatsu PW75R, \u00c5kerman H 7 MC, \u00c5kerman EW 200 (2 kpl), Case WX185 (3 kpl) ja Fiat Hitachi EX 165 WT)<\/p>\n\n\n\n<p class=\"has-medium-font-size\">4 kpl tela-alustaisia kaivinkoneita, painoluokat 7-30 tn, (Yanmar Vio 70, Yanmar Vio 55, \u00c5kerman 10 BLC ja Case CX 210)<\/p>\n\n\n\n<p class=\"has-medium-font-size\">13 kpl py\u00f6r\u00e4kuormaajia, painoluokat 3,5-25 tn, (Volvo L50, Volvo L70, Volvo L120, Volvo L150, Volvo BM4200, Komatsu WA 075, Komatsu WA320-5H, Kramer Allrad 180, Terex TL120, JCB 416S, Wille 855, Wille 655 sek\u00e4 Wille 445)<\/p>\n\n\n\n<p class=\"has-medium-font-size\">1 kpl Optimas Toro pihalaatoituskoneita (katso esittelyvideo&nbsp;<a href=\"https:\/\/www.youtube.com\/watch?v=PWXLZBkay8U\" target=\"_blank\" rel=\"noreferrer noopener\">t\u00e4st\u00e4<\/a>.)<\/p>\n\n\n\n<p class=\"has-medium-font-size\">2 kpl kiinteist\u00f6nhoitokoneita (Ladog 4&#215;4 kipper, 2 kpl)<\/p>\n\n\n\n<p class=\"has-medium-font-size\">9 kpl kuorma-autoja (Volvo F12, Scania 93, Scania 114G (2 kpl), Scania P94 (3 kpl), MB 709 (hiabilla), Volvo N2, Volvo FL 618)<\/p>\n\n\n\n<p class=\"has-medium-font-size\">5 kpl nelivetoisia traktoreita, hiab+kourat, kolmekaatotelik\u00e4rri<\/p>\n\n\n\n<p class=\"has-medium-font-size\">Dopstad multaseula<\/p>\n\n\n\n<p class=\"has-medium-font-size\">Allu seulakauha<\/p>\n\n\n\n<p class=\"has-medium-font-size\">3 kpl ajettavia ruohonleikkureita (Kubota (2 kpl) ja Ferrari)<\/p>\n\n\n\n<p class=\"has-medium-font-size\">Tana 32 F kaatopaikkajyr\u00e4<\/p>\n\n\n\n<p class=\"has-medium-font-size\">Lokomo AH182 tieh\u00f6yl\u00e4<\/p>\n\n\n\n<p class=\"has-medium-font-size\">3 kpl pickup-autoja auraus- ja hiekoitusvarustuksella<\/p>\n\n\n\n<figure class=\"wp-block-image size-full\"><img loading=\"lazy\" decoding=\"async\" width=\"450\" height=\"230\" src=\"https:\/\/ymparistotuotanto.com\/wp-content\/uploads\/2026\/04\/kalustokuva.jpg\" alt=\"\" class=\"wp-image-204\" srcset=\"https:\/\/ymparistotuotanto.com\/wp-content\/uploads\/2026\/04\/kalustokuva.jpg 450w, https:\/\/ymparistotuotanto.com\/wp-content\/uploads\/2026\/04\/kalustokuva-300x153.jpg 300w\" sizes=\"auto, (max-width: 450px) 100vw, 450px\" \/><\/figure>\n<\/div>\n\n\n\n<div class=\"wp-block-column is-layout-flow wp-block-column-is-layout-flow\">\n<div style=\"height:100px\" aria-hidden=\"true\" class=\"wp-block-spacer\"><\/div>\n<\/div>\n\n\n\n<div class=\"wp-block-column is-layout-flow wp-block-column-is-layout-flow\" style=\"flex-basis:33.33%\">\n<p><\/p>\n\n\n\n<h2 class=\"wp-block-heading\">Ota Yhteytt\u00e4<\/h2>\n\n\n<style id=\"wpforms-css-vars-47\">\n\t\t\t\t#wpforms-47 {\n\t\t\t\t--wpforms-field-border-color: rgba(0, 0, 0, 0.25);\n--wpforms-field-border-color-spare: rgba(0, 0, 0, 0.25);\n--wpforms-field-text-color: rgba(0, 0, 0, 0.7);\n--wpforms-label-color: rgba(0, 0, 0, 0.85);\n--wpforms-label-sublabel-color: rgba(0, 0, 0, 0.55);\n--wpforms-button-background-color: #16aa08;\n--wpforms-container-padding: 0px;\n--wpforms-container-border-width: 1px;\n--wpforms-container-border-radius: 3px;\n--wpforms-background-color: rgba(0, 0, 0, 0);\n--wpforms-field-size-input-height: 43px;\n--wpforms-field-size-input-spacing: 15px;\n--wpforms-field-size-font-size: 16px;\n--wpforms-field-size-line-height: 19px;\n--wpforms-field-size-padding-h: 14px;\n--wpforms-field-size-checkbox-size: 16px;\n--wpforms-field-size-sublabel-spacing: 5px;\n--wpforms-field-size-icon-size: 1;\n--wpforms-label-size-font-size: 16px;\n--wpforms-label-size-line-height: 19px;\n--wpforms-label-size-sublabel-font-size: 14px;\n--wpforms-label-size-sublabel-line-height: 17px;\n--wpforms-button-size-font-size: 17px;\n--wpforms-button-size-height: 41px;\n--wpforms-button-size-padding-h: 15px;\n--wpforms-button-size-margin-top: 10px;\n--wpforms-container-shadow-size-box-shadow: none;\n\t\t\t}\n\t\t\t<\/style><div class=\"wpforms-container wpforms-container-full wpforms-render-modern\" id=\"wpforms-47\"><form id=\"wpforms-form-47\" class=\"wpforms-validate wpforms-form wpforms-ajax-form\" data-formid=\"47\" method=\"post\" enctype=\"multipart\/form-data\" action=\"\/index.php\/wp-json\/wp\/v2\/pages\/179\" data-token=\"a71ef05cf300400d4cda70bdaacc3541\" data-token-time=\"1775685964\"><noscript class=\"wpforms-error-noscript\">Please enable JavaScript in your browser to complete this form.<\/noscript><div id=\"wpforms-error-noscript\" style=\"display: none;\">Please enable JavaScript in your browser to complete this form.<\/div><div class=\"wpforms-field-container\"><div id=\"wpforms-47-field_1-container\" class=\"wpforms-field wpforms-field-text\" data-field-id=\"1\"><label class=\"wpforms-field-label\" for=\"wpforms-47-field_1\">Nimi<\/label><input type=\"text\" id=\"wpforms-47-field_1\" class=\"wpforms-field-medium\" name=\"wpforms[fields][1]\" aria-errormessage=\"wpforms-47-field_1-error\" ><\/div>\t\t<div id=\"wpforms-47-field_5-container\"\n\t\t\tclass=\"wpforms-field wpforms-field-text\"\n\t\t\tdata-field-type=\"text\"\n\t\t\tdata-field-id=\"5\"\n\t\t\t>\n\t\t\t<label class=\"wpforms-field-label\" for=\"wpforms-47-field_5\" >Nimi Asia S\u00e4hk\u00f6posti<\/label>\n\t\t\t<input type=\"text\" id=\"wpforms-47-field_5\" class=\"wpforms-field-medium\" name=\"wpforms[fields][5]\" >\n\t\t<\/div>\n\t\t<div id=\"wpforms-47-field_2-container\" class=\"wpforms-field wpforms-field-text\" data-field-id=\"2\"><label class=\"wpforms-field-label\" for=\"wpforms-47-field_2\">Puhelin<\/label><input type=\"text\" id=\"wpforms-47-field_2\" class=\"wpforms-field-medium\" name=\"wpforms[fields][2]\" aria-errormessage=\"wpforms-47-field_2-error\" ><\/div><div id=\"wpforms-47-field_3-container\" class=\"wpforms-field wpforms-field-text\" data-field-id=\"3\"><label class=\"wpforms-field-label\" for=\"wpforms-47-field_3\">S\u00e4hk\u00f6posti<\/label><input type=\"text\" id=\"wpforms-47-field_3\" class=\"wpforms-field-medium\" name=\"wpforms[fields][3]\" aria-errormessage=\"wpforms-47-field_3-error\" ><\/div><div id=\"wpforms-47-field_4-container\" class=\"wpforms-field wpforms-field-textarea\" data-field-id=\"4\"><label class=\"wpforms-field-label\" for=\"wpforms-47-field_4\">Asia<\/label><textarea id=\"wpforms-47-field_4\" class=\"wpforms-field-small\" name=\"wpforms[fields][4]\" aria-errormessage=\"wpforms-47-field_4-error\" ><\/textarea><\/div><script>\n\t\t\t\t( function() {\n\t\t\t\t\tconst style = document.createElement( 'style' );\n\t\t\t\t\tstyle.appendChild( document.createTextNode( '#wpforms-47-field_5-container { position: absolute !important; overflow: hidden !important; display: inline !important; height: 1px !important; width: 1px !important; z-index: -1000 !important; padding: 0 !important; } #wpforms-47-field_5-container input { visibility: hidden; } #wpforms-conversational-form-page #wpforms-47-field_5-container label { counter-increment: none; }' ) );\n\t\t\t\t\tdocument.head.appendChild( style );\n\t\t\t\t\tdocument.currentScript?.remove();\n\t\t\t\t} )();\n\t\t\t<\/script><\/div><!-- .wpforms-field-container --><div class=\"wpforms-submit-container\" ><input type=\"hidden\" name=\"wpforms[id]\" value=\"47\"><input type=\"hidden\" name=\"page_title\" value=\"\"><input type=\"hidden\" name=\"page_url\" value=\"https:\/\/ymparistotuotanto.com\/index.php\/wp-json\/wp\/v2\/pages\/179\"><input type=\"hidden\" name=\"url_referer\" value=\"\"><button type=\"submit\" name=\"wpforms[submit]\" id=\"wpforms-submit-47\" class=\"wpforms-submit\" data-alt-text=\"Sending...\" data-submit-text=\"L\u00e4het\u00e4\" aria-live=\"assertive\" value=\"wpforms-submit\">L\u00e4het\u00e4<\/button><img loading=\"lazy\" decoding=\"async\" src=\"https:\/\/ymparistotuotanto.com\/wp-content\/plugins\/wpforms-lite\/assets\/images\/submit-spin.svg\" class=\"wpforms-submit-spinner\" style=\"display: none;\" width=\"26\" height=\"26\" alt=\"Loading\"><\/div><\/form><\/div>  <!-- .wpforms-container -->\n<\/div>\n<\/div>\n<\/div><\/div>\n","protected":false},"excerpt":{"rendered":"<p>Kalusto K\u00e4yt\u00f6ss\u00e4mme on mm. seuraavanlaista kalustoa: 9 kpl paketti- ja lava-autoja yms. 9 kpl py\u00f6r\u00e4alustaisia kaivinkoneita, painoluokat 15-20 tn, (Komatsu PW 170-6, Komatsu PW75R, \u00c5kerman H 7 MC, \u00c5kerman EW &#8230;<\/p>\n","protected":false},"author":1,"featured_media":0,"parent":0,"menu_order":0,"comment_status":"closed","ping_status":"closed","template":"template-fullwidth-stretched.php","meta":{"footnotes":""},"class_list":["post-179","page","type-page","status-publish","hentry"],"_links":{"self":[{"href":"https:\/\/ymparistotuotanto.com\/index.php\/wp-json\/wp\/v2\/pages\/179","targetHints":{"allow":["GET"]}}],"collection":[{"href":"https:\/\/ymparistotuotanto.com\/index.php\/wp-json\/wp\/v2\/pages"}],"about":[{"href":"https:\/\/ymparistotuotanto.com\/index.php\/wp-json\/wp\/v2\/types\/page"}],"author":[{"embeddable":true,"href":"https:\/\/ymparistotuotanto.com\/index.php\/wp-json\/wp\/v2\/users\/1"}],"replies":[{"embeddable":true,"href":"https:\/\/ymparistotuotanto.com\/index.php\/wp-json\/wp\/v2\/comments?post=179"}],"version-history":[{"count":8,"href":"https:\/\/ymparistotuotanto.com\/index.php\/wp-json\/wp\/v2\/pages\/179\/revisions"}],"predecessor-version":[{"id":248,"href":"https:\/\/ymparistotuotanto.com\/index.php\/wp-json\/wp\/v2\/pages\/179\/revisions\/248"}],"wp:attachment":[{"href":"https:\/\/ymparistotuotanto.com\/index.php\/wp-json\/wp\/v2\/media?parent=179"}],"curies":[{"name":"wp","href":"https:\/\/api.w.org\/{rel}","templated":true}]}}