{"id":155,"date":"2026-04-06T14:06:03","date_gmt":"2026-04-06T11:06:03","guid":{"rendered":"http:\/\/ymparistotuotanto.com\/?page_id=155"},"modified":"2026-04-06T20:38:58","modified_gmt":"2026-04-06T17:38:58","slug":"yritys","status":"publish","type":"page","link":"https:\/\/ymparistotuotanto.com\/index.php\/yritys\/","title":{"rendered":"yritys"},"content":{"rendered":"\n<figure class=\"wp-block-image alignfull size-large picture-height\"><img loading=\"lazy\" decoding=\"async\" width=\"1024\" height=\"259\" src=\"https:\/\/ymparistotuotanto.com\/wp-content\/uploads\/2026\/04\/yritys-1024x259.jpg\" alt=\"\" class=\"wp-image-158\" srcset=\"https:\/\/ymparistotuotanto.com\/wp-content\/uploads\/2026\/04\/yritys-1024x259.jpg 1024w, https:\/\/ymparistotuotanto.com\/wp-content\/uploads\/2026\/04\/yritys-300x76.jpg 300w, https:\/\/ymparistotuotanto.com\/wp-content\/uploads\/2026\/04\/yritys-768x194.jpg 768w, https:\/\/ymparistotuotanto.com\/wp-content\/uploads\/2026\/04\/yritys-1536x388.jpg 1536w, https:\/\/ymparistotuotanto.com\/wp-content\/uploads\/2026\/04\/yritys.jpg 1900w\" sizes=\"auto, (max-width: 1024px) 100vw, 1024px\" \/><\/figure>\n\n\n\n<div style=\"height:100px\" aria-hidden=\"true\" class=\"wp-block-spacer space-height\"><\/div>\n\n\n\n<div class=\"wp-block-group sisalto-marginaali\"><div class=\"wp-block-group__inner-container is-layout-constrained wp-block-group-is-layout-constrained\">\n<div class=\"wp-block-columns is-layout-flex wp-container-core-columns-is-layout-9d6595d7 wp-block-columns-is-layout-flex\">\n<div class=\"wp-block-column is-layout-flow wp-block-column-is-layout-flow\" style=\"flex-basis:66.66%\">\n<h1 class=\"wp-block-heading\">Yritysesittely<\/h1>\n\n\n\n<p class=\"has-medium-font-size\">Joensuun Ymp\u00e4rist\u00f6tuotanto Oy on vuonna 1999 perustettu viher- ja ymp\u00e4rist\u00f6alan yritys. Yhti\u00f6n toiminta-ajatuksena on tarjota monipuolista viheralan osaamista Joensuun talousalueella. Toimialaan kuuluu siis viheralueiden ja pihojen suunnittelu, rakentaminen ja hoito, maanrakennusty\u00f6t, salaojitukset, viem\u00e4r\u00f6innit, kasvualustatuotteiden valmistus, piha- ja puutarhaneuvonta sek\u00e4 lumity\u00f6urakointi.<\/p>\n\n\n\n<p class=\"has-medium-font-size\">Omakotipihan omistaja saa esimerkiksi halutessaan valmiin pihan avaimet k\u00e4teen -periaatteella, eli yritys suunnittelee ja rakentaa kohteen itse alusta loppuun.<\/p>\n\n\n\n<p class=\"has-medium-font-size\">Toiminnan selk\u00e4rankana on oma kasvualustatuotteiden valmistus, kone- ja kuljetuskalusto sek\u00e4 vankka ammattiosaaminen. Henkil\u00f6kuntaa yrityksell\u00e4 on vuodenajasta ja tilauskannasta riippuen 15-50.<\/p>\n\n\n\n<p class=\"has-medium-font-size\">Julkisella sektorilla rakennetaan uusia ja perusparannetaan vanhoja viheralueita aiempaa enemm\u00e4n. Nyky\u00e4\u00e4n esimerkiksi kaupungit rakennuttavat l\u00e4hes kaikki uudet viheralueensa ulkopuolisilla urakoitsijoilla. Rakennettavan kohteen urakoitsija ratkaistaan tarjouskilpailun kautta. Joensuun Ymp\u00e4rist\u00f6tuotanto Oy on rakentanut Joensuun kaupungille useita puistoja vuodesta 1999 alkaen.<\/p>\n\n\n\n<p class=\"has-medium-font-size\">Viheralan t\u00e4yden palvelun yrityksen\u00e4 Joensuun Ymp\u00e4rist\u00f6tuotanto Oy:ll\u00e4 on kokonaisn\u00e4kemys toiminnallisista ja helppohoitoisista piha- ja viheralueista, joista ajan kuluessa saadaan kustannuss\u00e4\u00e4st\u00f6j\u00e4 omistajille ja lis\u00e4viihtyvyytt\u00e4 k\u00e4ytt\u00e4jille.<\/p>\n<\/div>\n\n\n\n<div class=\"wp-block-column is-layout-flow wp-block-column-is-layout-flow\">\n<div style=\"height:100px\" aria-hidden=\"true\" class=\"wp-block-spacer\"><\/div>\n<\/div>\n\n\n\n<div class=\"wp-block-column is-vertically-aligned-top is-layout-flow wp-block-column-is-layout-flow\" style=\"flex-basis:33.33%\">\n<p><\/p>\n\n\n\n<h2 class=\"wp-block-heading\">Ota Yhteytt\u00e4<\/h2>\n\n\n<style id=\"wpforms-css-vars-47\">\n\t\t\t\t#wpforms-47 {\n\t\t\t\t--wpforms-field-border-color: rgba(0, 0, 0, 0.25);\n--wpforms-field-border-color-spare: rgba(0, 0, 0, 0.25);\n--wpforms-field-text-color: rgba(0, 0, 0, 0.7);\n--wpforms-label-color: rgba(0, 0, 0, 0.85);\n--wpforms-label-sublabel-color: rgba(0, 0, 0, 0.55);\n--wpforms-button-background-color: #16aa08;\n--wpforms-container-padding: 0px;\n--wpforms-container-border-width: 1px;\n--wpforms-container-border-radius: 3px;\n--wpforms-background-color: rgba(0, 0, 0, 0);\n--wpforms-field-size-input-height: 43px;\n--wpforms-field-size-input-spacing: 15px;\n--wpforms-field-size-font-size: 16px;\n--wpforms-field-size-line-height: 19px;\n--wpforms-field-size-padding-h: 14px;\n--wpforms-field-size-checkbox-size: 16px;\n--wpforms-field-size-sublabel-spacing: 5px;\n--wpforms-field-size-icon-size: 1;\n--wpforms-label-size-font-size: 16px;\n--wpforms-label-size-line-height: 19px;\n--wpforms-label-size-sublabel-font-size: 14px;\n--wpforms-label-size-sublabel-line-height: 17px;\n--wpforms-button-size-font-size: 17px;\n--wpforms-button-size-height: 41px;\n--wpforms-button-size-padding-h: 15px;\n--wpforms-button-size-margin-top: 10px;\n--wpforms-container-shadow-size-box-shadow: none;\n\t\t\t}\n\t\t\t<\/style><div class=\"wpforms-container wpforms-container-full wpforms-render-modern\" id=\"wpforms-47\"><form id=\"wpforms-form-47\" class=\"wpforms-validate wpforms-form wpforms-ajax-form\" data-formid=\"47\" method=\"post\" enctype=\"multipart\/form-data\" action=\"\/index.php\/wp-json\/wp\/v2\/pages\/155\" data-token=\"a71ef05cf300400d4cda70bdaacc3541\" data-token-time=\"1775685548\"><noscript class=\"wpforms-error-noscript\">Please enable JavaScript in your browser to complete this form.<\/noscript><div id=\"wpforms-error-noscript\" style=\"display: none;\">Please enable JavaScript in your browser to complete this form.<\/div><div class=\"wpforms-field-container\"><div id=\"wpforms-47-field_1-container\" class=\"wpforms-field wpforms-field-text\" data-field-id=\"1\"><label class=\"wpforms-field-label\" for=\"wpforms-47-field_1\">Nimi<\/label><input type=\"text\" id=\"wpforms-47-field_1\" class=\"wpforms-field-medium\" name=\"wpforms[fields][1]\" aria-errormessage=\"wpforms-47-field_1-error\" ><\/div><div id=\"wpforms-47-field_2-container\" class=\"wpforms-field wpforms-field-text\" data-field-id=\"2\"><label class=\"wpforms-field-label\" for=\"wpforms-47-field_2\">Puhelin<\/label><input type=\"text\" id=\"wpforms-47-field_2\" class=\"wpforms-field-medium\" name=\"wpforms[fields][2]\" aria-errormessage=\"wpforms-47-field_2-error\" ><\/div><div id=\"wpforms-47-field_3-container\" class=\"wpforms-field wpforms-field-text\" data-field-id=\"3\"><label class=\"wpforms-field-label\" for=\"wpforms-47-field_3\">S\u00e4hk\u00f6posti<\/label><input type=\"text\" id=\"wpforms-47-field_3\" class=\"wpforms-field-medium\" name=\"wpforms[fields][3]\" aria-errormessage=\"wpforms-47-field_3-error\" ><\/div>\t\t<div id=\"wpforms-47-field_5-container\"\n\t\t\tclass=\"wpforms-field wpforms-field-text\"\n\t\t\tdata-field-type=\"text\"\n\t\t\tdata-field-id=\"5\"\n\t\t\t>\n\t\t\t<label class=\"wpforms-field-label\" for=\"wpforms-47-field_5\" >Nimi Puhelin Asia<\/label>\n\t\t\t<input type=\"text\" id=\"wpforms-47-field_5\" class=\"wpforms-field-medium\" name=\"wpforms[fields][5]\" >\n\t\t<\/div>\n\t\t<div id=\"wpforms-47-field_4-container\" class=\"wpforms-field wpforms-field-textarea\" data-field-id=\"4\"><label class=\"wpforms-field-label\" for=\"wpforms-47-field_4\">Asia<\/label><textarea id=\"wpforms-47-field_4\" class=\"wpforms-field-small\" name=\"wpforms[fields][4]\" aria-errormessage=\"wpforms-47-field_4-error\" ><\/textarea><\/div><script>\n\t\t\t\t( function() {\n\t\t\t\t\tconst style = document.createElement( 'style' );\n\t\t\t\t\tstyle.appendChild( document.createTextNode( '#wpforms-47-field_5-container { position: absolute !important; overflow: hidden !important; display: inline !important; height: 1px !important; width: 1px !important; z-index: -1000 !important; padding: 0 !important; } #wpforms-47-field_5-container input { visibility: hidden; } #wpforms-conversational-form-page #wpforms-47-field_5-container label { counter-increment: none; }' ) );\n\t\t\t\t\tdocument.head.appendChild( style );\n\t\t\t\t\tdocument.currentScript?.remove();\n\t\t\t\t} )();\n\t\t\t<\/script><\/div><!-- .wpforms-field-container --><div class=\"wpforms-submit-container\" ><input type=\"hidden\" name=\"wpforms[id]\" value=\"47\"><input type=\"hidden\" name=\"page_title\" value=\"\"><input type=\"hidden\" name=\"page_url\" value=\"https:\/\/ymparistotuotanto.com\/index.php\/wp-json\/wp\/v2\/pages\/155\"><input type=\"hidden\" name=\"url_referer\" value=\"\"><button type=\"submit\" name=\"wpforms[submit]\" id=\"wpforms-submit-47\" class=\"wpforms-submit\" data-alt-text=\"Sending...\" data-submit-text=\"L\u00e4het\u00e4\" aria-live=\"assertive\" value=\"wpforms-submit\">L\u00e4het\u00e4<\/button><img loading=\"lazy\" decoding=\"async\" src=\"https:\/\/ymparistotuotanto.com\/wp-content\/plugins\/wpforms-lite\/assets\/images\/submit-spin.svg\" class=\"wpforms-submit-spinner\" style=\"display: none;\" width=\"26\" height=\"26\" alt=\"Loading\"><\/div><\/form><\/div>  <!-- .wpforms-container -->\n<\/div>\n<\/div>\n<\/div><\/div>\n","protected":false},"excerpt":{"rendered":"<p>Yritysesittely Joensuun Ymp\u00e4rist\u00f6tuotanto Oy on vuonna 1999 perustettu viher- ja ymp\u00e4rist\u00f6alan yritys. Yhti\u00f6n toiminta-ajatuksena on tarjota monipuolista viheralan osaamista Joensuun talousalueella. Toimialaan kuuluu siis viheralueiden ja pihojen suunnittelu, rakentaminen ja &#8230;<\/p>\n","protected":false},"author":1,"featured_media":0,"parent":0,"menu_order":0,"comment_status":"closed","ping_status":"closed","template":"template-fullwidth-stretched.php","meta":{"footnotes":""},"class_list":["post-155","page","type-page","status-publish","hentry"],"_links":{"self":[{"href":"https:\/\/ymparistotuotanto.com\/index.php\/wp-json\/wp\/v2\/pages\/155","targetHints":{"allow":["GET"]}}],"collection":[{"href":"https:\/\/ymparistotuotanto.com\/index.php\/wp-json\/wp\/v2\/pages"}],"about":[{"href":"https:\/\/ymparistotuotanto.com\/index.php\/wp-json\/wp\/v2\/types\/page"}],"author":[{"embeddable":true,"href":"https:\/\/ymparistotuotanto.com\/index.php\/wp-json\/wp\/v2\/users\/1"}],"replies":[{"embeddable":true,"href":"https:\/\/ymparistotuotanto.com\/index.php\/wp-json\/wp\/v2\/comments?post=155"}],"version-history":[{"count":7,"href":"https:\/\/ymparistotuotanto.com\/index.php\/wp-json\/wp\/v2\/pages\/155\/revisions"}],"predecessor-version":[{"id":255,"href":"https:\/\/ymparistotuotanto.com\/index.php\/wp-json\/wp\/v2\/pages\/155\/revisions\/255"}],"wp:attachment":[{"href":"https:\/\/ymparistotuotanto.com\/index.php\/wp-json\/wp\/v2\/media?parent=155"}],"curies":[{"name":"wp","href":"https:\/\/api.w.org\/{rel}","templated":true}]}}